{"id":705,"date":"2025-09-25T14:50:18","date_gmt":"2025-09-25T14:50:18","guid":{"rendered":"https:\/\/paysali.com\/?page_id=705"},"modified":"2025-10-09T13:30:21","modified_gmt":"2025-10-09T13:30:21","slug":"conception-du-jardin-denfants-de-la-creche","status":"publish","type":"page","link":"https:\/\/paysali.com\/en\/conception-du-jardin-denfants-de-la-creche\/","title":{"rendered":"Conception du jardin d&rsquo;enfants de la cr\u00e8che"},"content":{"rendered":"<div data-elementor-type=\"wp-page\" data-elementor-id=\"705\" class=\"elementor elementor-705\" data-elementor-post-type=\"page\">\n\t\t\t\t\t\t<section class=\"elementor-section elementor-top-section elementor-element elementor-element-888478f elementor-section-boxed elementor-section-height-default elementor-section-height-default\" data-id=\"888478f\" data-element_type=\"section\" data-e-type=\"section\" data-settings=\"{&quot;background_background&quot;:&quot;classic&quot;}\">\n\t\t\t\t\t\t<div class=\"elementor-container elementor-column-gap-default\">\n\t\t\t\t\t<div class=\"elementor-column elementor-col-100 elementor-top-column elementor-element elementor-element-423e281\" data-id=\"423e281\" data-element_type=\"column\" data-e-type=\"column\">\n\t\t\t<div class=\"elementor-widget-wrap elementor-element-populated\">\n\t\t\t\t\t\t<div class=\"elementor-element elementor-element-3d1f0a7 elementor-invisible elementor-widget elementor-widget-heading\" data-id=\"3d1f0a7\" data-element_type=\"widget\" data-e-type=\"widget\" data-settings=\"{&quot;_animation&quot;:&quot;zoomIn&quot;}\" data-widget_type=\"heading.default\">\n\t\t\t\t<div class=\"elementor-widget-container\">\n\t\t\t\t\t<h3 class=\"elementor-heading-title elementor-size-default\">Living with Nature<\/h3>\t\t\t\t<\/div>\n\t\t\t\t<\/div>\n\t\t\t\t<div class=\"elementor-element elementor-element-c7aff6a elementor-invisible elementor-widget elementor-widget-heading\" data-id=\"c7aff6a\" data-element_type=\"widget\" data-e-type=\"widget\" data-settings=\"{&quot;_animation&quot;:&quot;zoomIn&quot;,&quot;_animation_delay&quot;:100}\" data-widget_type=\"heading.default\">\n\t\t\t\t<div class=\"elementor-widget-container\">\n\t\t\t\t\t<h2 class=\"elementor-heading-title elementor-size-default\">The Children\u2019s Garden at the Montessori nursery school<\/h2>\t\t\t\t<\/div>\n\t\t\t\t<\/div>\n\t\t\t\t<div class=\"elementor-element elementor-element-6ee3d71 animated-slow elementor-invisible elementor-widget elementor-widget-gallery\" data-id=\"6ee3d71\" data-element_type=\"widget\" data-e-type=\"widget\" data-settings=\"{&quot;columns&quot;:2,&quot;columns_tablet&quot;:3,&quot;columns_mobile&quot;:2,&quot;gap&quot;:{&quot;unit&quot;:&quot;px&quot;,&quot;size&quot;:30,&quot;sizes&quot;:[]},&quot;gap_tablet&quot;:{&quot;unit&quot;:&quot;px&quot;,&quot;size&quot;:30,&quot;sizes&quot;:[]},&quot;gap_mobile&quot;:{&quot;unit&quot;:&quot;px&quot;,&quot;size&quot;:20,&quot;sizes&quot;:[]},&quot;aspect_ratio&quot;:&quot;1:1&quot;,&quot;image_hover_animation&quot;:&quot;grow&quot;,&quot;_animation&quot;:&quot;fadeIn&quot;,&quot;lazyload&quot;:&quot;yes&quot;,&quot;gallery_layout&quot;:&quot;grid&quot;,&quot;link_to&quot;:&quot;file&quot;,&quot;overlay_background&quot;:&quot;yes&quot;,&quot;content_hover_animation&quot;:&quot;fade-in&quot;}\" data-widget_type=\"gallery.default\">\n\t\t\t\t<div class=\"elementor-widget-container\">\n\t\t\t\t\t\t\t<div class=\"elementor-gallery__container\">\n\t\t\t\t\t\t\t<a class=\"e-gallery-item elementor-gallery-item elementor-animated-content\" href=\"https:\/\/paysali.com\/wp-content\/uploads\/2025\/09\/amenagement-paysager_accueil_conception-jardin_artiste-paysagiste_creche-Montessori.jpg\" data-elementor-open-lightbox=\"yes\" data-elementor-lightbox-slideshow=\"6ee3d71\" data-elementor-lightbox-title=\"am\u00e9nagement-paysager_accueil_conception-jardin_artiste-paysagiste_cr\u00e8che-Montessori\" data-e-action-hash=\"#elementor-action%3Aaction%3Dlightbox%26settings%3DeyJpZCI6NzEwLCJ1cmwiOiJodHRwczpcL1wvcGF5c2FsaS5jb21cL3dwLWNvbnRlbnRcL3VwbG9hZHNcLzIwMjVcLzA5XC9hbWVuYWdlbWVudC1wYXlzYWdlcl9hY2N1ZWlsX2NvbmNlcHRpb24tamFyZGluX2FydGlzdGUtcGF5c2FnaXN0ZV9jcmVjaGUtTW9udGVzc29yaS5qcGciLCJzbGlkZXNob3ciOiI2ZWUzZDcxIn0%3D\">\n\t\t\t\t\t<div class=\"e-gallery-image elementor-gallery-item__image\" data-thumbnail=\"https:\/\/paysali.com\/wp-content\/uploads\/elementor\/thumbs\/amenagement-paysager_accueil_conception-jardin_artiste-paysagiste_creche-Montessori-rd6q0alvi8vnnajc54xq59zml2z9inbwkva1ocg3dc.jpg\" data-width=\"1000\" data-height=\"1000\" aria-label=\"\" role=\"img\" ><\/div>\n\t\t\t\t\t\t\t\t\t\t\t<div class=\"elementor-gallery-item__overlay\"><\/div>\n\t\t\t\t\t\t\t\t\t\t\t\t\t\t<\/a>\n\t\t\t\t\t\t\t<a class=\"e-gallery-item elementor-gallery-item elementor-animated-content\" href=\"https:\/\/paysali.com\/wp-content\/uploads\/2025\/09\/amenagement-paysager_differents-espaces_conception-jardin_artiste-paysagiste_creche-Montessori.jpg\" data-elementor-open-lightbox=\"yes\" data-elementor-lightbox-slideshow=\"6ee3d71\" data-elementor-lightbox-title=\"am\u00e9nagement-paysager_differents-espaces_conception-jardin_artiste-paysagiste_cr\u00e8che-Montessori\" data-e-action-hash=\"#elementor-action%3Aaction%3Dlightbox%26settings%3DeyJpZCI6NzExLCJ1cmwiOiJodHRwczpcL1wvcGF5c2FsaS5jb21cL3dwLWNvbnRlbnRcL3VwbG9hZHNcLzIwMjVcLzA5XC9hbWVuYWdlbWVudC1wYXlzYWdlcl9kaWZmZXJlbnRzLWVzcGFjZXNfY29uY2VwdGlvbi1qYXJkaW5fYXJ0aXN0ZS1wYXlzYWdpc3RlX2NyZWNoZS1Nb250ZXNzb3JpLmpwZyIsInNsaWRlc2hvdyI6IjZlZTNkNzEifQ%3D%3D\">\n\t\t\t\t\t<div class=\"e-gallery-image elementor-gallery-item__image\" data-thumbnail=\"https:\/\/paysali.com\/wp-content\/uploads\/elementor\/thumbs\/amenagement-paysager_differents-espaces_conception-jardin_artiste-paysagiste_creche-Montessori-rd6q09o1beudbokpamj3ks85zp3way868qmk72hhjk.jpg\" data-width=\"1000\" data-height=\"1000\" aria-label=\"\" role=\"img\" ><\/div>\n\t\t\t\t\t\t\t\t\t\t\t<div class=\"elementor-gallery-item__overlay\"><\/div>\n\t\t\t\t\t\t\t\t\t\t\t\t\t\t<\/a>\n\t\t\t\t\t\t\t<a class=\"e-gallery-item elementor-gallery-item elementor-animated-content\" href=\"https:\/\/paysali.com\/wp-content\/uploads\/2025\/09\/amenagement-paysager_espace-jeu_conception-jardin_artiste-paysagiste_creche-Montessori.jpg\" data-elementor-open-lightbox=\"yes\" data-elementor-lightbox-slideshow=\"6ee3d71\" data-elementor-lightbox-title=\"am\u00e9nagement-paysager_espace-jeu_conception-jardin_artiste-paysagiste_cr\u00e8che-Montessori\" data-e-action-hash=\"#elementor-action%3Aaction%3Dlightbox%26settings%3DeyJpZCI6NzEyLCJ1cmwiOiJodHRwczpcL1wvcGF5c2FsaS5jb21cL3dwLWNvbnRlbnRcL3VwbG9hZHNcLzIwMjVcLzA5XC9hbWVuYWdlbWVudC1wYXlzYWdlcl9lc3BhY2UtamV1X2NvbmNlcHRpb24tamFyZGluX2FydGlzdGUtcGF5c2FnaXN0ZV9jcmVjaGUtTW9udGVzc29yaS5qcGciLCJzbGlkZXNob3ciOiI2ZWUzZDcxIn0%3D\">\n\t\t\t\t\t<div class=\"e-gallery-image elementor-gallery-item__image\" data-thumbnail=\"https:\/\/paysali.com\/wp-content\/uploads\/elementor\/thumbs\/amenagement-paysager_espace-jeu_conception-jardin_artiste-paysagiste_creche-Montessori-rd6q08q74kt302m2g44h0agpeb8j394fwlz2psivps.jpg\" data-width=\"1000\" data-height=\"1000\" aria-label=\"\" role=\"img\" ><\/div>\n\t\t\t\t\t\t\t\t\t\t\t<div class=\"elementor-gallery-item__overlay\"><\/div>\n\t\t\t\t\t\t\t\t\t\t\t\t\t\t<\/a>\n\t\t\t\t\t\t\t<a class=\"e-gallery-item elementor-gallery-item elementor-animated-content\" href=\"https:\/\/paysali.com\/wp-content\/uploads\/2025\/09\/amenagement-paysager_paysagiste_conception-jardin_artiste-paysagiste_creche-Montessori.jpg\" data-elementor-open-lightbox=\"yes\" data-elementor-lightbox-slideshow=\"6ee3d71\" data-elementor-lightbox-title=\"am\u00e9nagement-paysager_paysagiste_conception-jardin_artiste-paysagiste_cr\u00e8che-Montessori\" data-e-action-hash=\"#elementor-action%3Aaction%3Dlightbox%26settings%3DeyJpZCI6NzEzLCJ1cmwiOiJodHRwczpcL1wvcGF5c2FsaS5jb21cL3dwLWNvbnRlbnRcL3VwbG9hZHNcLzIwMjVcLzA5XC9hbWVuYWdlbWVudC1wYXlzYWdlcl9wYXlzYWdpc3RlX2NvbmNlcHRpb24tamFyZGluX2FydGlzdGUtcGF5c2FnaXN0ZV9jcmVjaGUtTW9udGVzc29yaS5qcGciLCJzbGlkZXNob3ciOiI2ZWUzZDcxIn0%3D\">\n\t\t\t\t\t<div class=\"e-gallery-image elementor-gallery-item__image\" data-thumbnail=\"https:\/\/paysali.com\/wp-content\/uploads\/elementor\/thumbs\/amenagement-paysager_paysagiste_conception-jardin_artiste-paysagiste_creche-Montessori-rd6q06uiqwqicuosr3b7vaxs7jhsnuwz8co3r8lo28.jpg\" data-width=\"1000\" data-height=\"1000\" aria-label=\"\" role=\"img\" ><\/div>\n\t\t\t\t\t\t\t\t\t\t\t<div class=\"elementor-gallery-item__overlay\"><\/div>\n\t\t\t\t\t\t\t\t\t\t\t\t\t\t<\/a>\n\t\t\t\t\t<\/div>\n\t\t\t\t\t<\/div>\n\t\t\t\t<\/div>\n\t\t\t\t<div class=\"elementor-element elementor-element-e3fa3dc elementor-widget elementor-widget-text-editor\" data-id=\"e3fa3dc\" data-element_type=\"widget\" data-e-type=\"widget\" data-widget_type=\"text-editor.default\">\n\t\t\t\t<div class=\"elementor-widget-container\">\n\t\t\t\t\t\t\t\t\t<p>For this project, I chose to share the design brief provided by the Montessori cr\u00e8che. It\u2019s particularly interesting, as the requirements for a space welcoming young children are both specific and significant. Additionally, Montessori environments follow a clear educational philosophy. Meeting the expectations of this project was both inspiring and deeply motivating.<\/p>\t\t\t\t\t\t\t\t<\/div>\n\t\t\t\t<\/div>\n\t\t\t\t<div class=\"elementor-element elementor-element-f379de2 elementor-widget elementor-widget-text-editor\" data-id=\"f379de2\" data-element_type=\"widget\" data-e-type=\"widget\" data-widget_type=\"text-editor.default\">\n\t\t\t\t<div class=\"elementor-widget-container\">\n\t\t\t\t\t\t\t\t\t<div class=\"v1elementToProof\"><strong>Montessori nursery garden \u2013 project brief :<\/strong><\/div><div class=\"v1elementToProof\">\u00a0<\/div><ul><li><div class=\"v1elementToProof\">A garden divided into two zones, adapted to different age groups<\/div><\/li><li><div class=\"v1elementToProof\">Activities aligned with Montessori educational principles<\/div><\/li><li><div class=\"v1elementToProof\">Creation of shaded areas<\/div><\/li><li><div class=\"v1elementToProof\">A mix of lively zones and calm, restful spaces<\/div><\/li><li><div class=\"v1elementToProof\">Flowers to pick in every season<\/div><\/li><li><div class=\"v1elementToProof\">A garden that supports biodiversity and conserves water (using Zoysia tenuifolia as a low-water alternative to traditional lawn)<\/div><\/li><\/ul>\t\t\t\t\t\t\t\t<\/div>\n\t\t\t\t<\/div>\n\t\t\t\t\t<\/div>\n\t\t<\/div>\n\t\t\t\t\t<\/div>\n\t\t<\/section>\n\t\t\t\t<\/div>","protected":false},"excerpt":{"rendered":"<p>Vivre avec la nature Le jardin d&rsquo;enfants de la cr\u00e8che Montessori Dans ce projet, j&rsquo;ai choisi de vous partager le cahier des charges de la cr\u00e8che. C&rsquo;est int\u00e9ressant car les contraintes dues \u00e0 la r\u00e9ception d&rsquo;enfants sont significatives. Par ailleurs, les \u00ab\u00a0lieux\u00a0\u00bb Montessori r\u00e9pondent \u00e0 une certaine philosophie. Apporter satisfaction \u00e0 ce projet \u00e9tait tr\u00e8s [&hellip;]<\/p>\n","protected":false},"author":2,"featured_media":713,"parent":0,"menu_order":0,"comment_status":"closed","ping_status":"closed","template":"","meta":{"footnotes":""},"class_list":["post-705","page","type-page","status-publish","has-post-thumbnail","hentry"],"yoast_head":"<!-- This site is optimized with the Yoast SEO plugin v27.2 - https:\/\/yoast.com\/product\/yoast-seo-wordpress\/ -->\n<title>Conception du jardin d&#039;enfants de la cr\u00e8che - Paysali<\/title>\n<meta name=\"description\" content=\"Dans un projet professionnel, le respect du cahier des charges est essentiel. Ce fut le cas pour cet am\u00e9nagement de jardin d&#039;une cr\u00e8che.\" \/>\n<meta name=\"robots\" content=\"index, follow, max-snippet:-1, max-image-preview:large, max-video-preview:-1\" \/>\n<link rel=\"canonical\" href=\"https:\/\/paysali.com\/en\/conception-du-jardin-denfants-de-la-creche\/\" \/>\n<meta property=\"og:locale\" content=\"en_GB\" \/>\n<meta property=\"og:type\" content=\"article\" \/>\n<meta property=\"og:title\" content=\"Conception du jardin d&#039;enfants de la cr\u00e8che - Paysali\" \/>\n<meta property=\"og:description\" content=\"Dans un projet professionnel, le respect du cahier des charges est essentiel. Ce fut le cas pour cet am\u00e9nagement de jardin d&#039;une cr\u00e8che.\" \/>\n<meta property=\"og:url\" content=\"https:\/\/paysali.com\/en\/conception-du-jardin-denfants-de-la-creche\/\" \/>\n<meta property=\"og:site_name\" content=\"Paysali\" \/>\n<meta property=\"article:modified_time\" content=\"2025-10-09T13:30:21+00:00\" \/>\n<meta property=\"og:image\" content=\"https:\/\/paysali.com\/wp-content\/uploads\/2025\/09\/amenagement-paysager_paysagiste_conception-jardin_artiste-paysagiste_creche-Montessori.jpg\" \/>\n\t<meta property=\"og:image:width\" content=\"1630\" \/>\n\t<meta property=\"og:image:height\" content=\"1080\" \/>\n\t<meta property=\"og:image:type\" content=\"image\/jpeg\" \/>\n<meta name=\"twitter:card\" content=\"summary_large_image\" \/>\n<meta name=\"twitter:label1\" content=\"Estimated reading time\" \/>\n\t<meta name=\"twitter:data1\" content=\"1 minute\" \/>\n<script type=\"application\/ld+json\" class=\"yoast-schema-graph\">{\"@context\":\"https:\/\/schema.org\",\"@graph\":[{\"@type\":\"WebPage\",\"@id\":\"https:\/\/paysali.com\/conception-du-jardin-denfants-de-la-creche\/\",\"url\":\"https:\/\/paysali.com\/conception-du-jardin-denfants-de-la-creche\/\",\"name\":\"Conception du jardin d'enfants de la cr\u00e8che - Paysali\",\"isPartOf\":{\"@id\":\"https:\/\/paysali.com\/#website\"},\"primaryImageOfPage\":{\"@id\":\"https:\/\/paysali.com\/conception-du-jardin-denfants-de-la-creche\/#primaryimage\"},\"image\":{\"@id\":\"https:\/\/paysali.com\/conception-du-jardin-denfants-de-la-creche\/#primaryimage\"},\"thumbnailUrl\":\"https:\/\/paysali.com\/wp-content\/uploads\/2025\/09\/amenagement-paysager_paysagiste_conception-jardin_artiste-paysagiste_creche-Montessori.jpg\",\"datePublished\":\"2025-09-25T14:50:18+00:00\",\"dateModified\":\"2025-10-09T13:30:21+00:00\",\"description\":\"Dans un projet professionnel, le respect du cahier des charges est essentiel. Ce fut le cas pour cet am\u00e9nagement de jardin d'une cr\u00e8che.\",\"breadcrumb\":{\"@id\":\"https:\/\/paysali.com\/conception-du-jardin-denfants-de-la-creche\/#breadcrumb\"},\"inLanguage\":\"en-GB\",\"potentialAction\":[{\"@type\":\"ReadAction\",\"target\":[\"https:\/\/paysali.com\/conception-du-jardin-denfants-de-la-creche\/\"]}]},{\"@type\":\"ImageObject\",\"inLanguage\":\"en-GB\",\"@id\":\"https:\/\/paysali.com\/conception-du-jardin-denfants-de-la-creche\/#primaryimage\",\"url\":\"https:\/\/paysali.com\/wp-content\/uploads\/2025\/09\/amenagement-paysager_paysagiste_conception-jardin_artiste-paysagiste_creche-Montessori.jpg\",\"contentUrl\":\"https:\/\/paysali.com\/wp-content\/uploads\/2025\/09\/amenagement-paysager_paysagiste_conception-jardin_artiste-paysagiste_creche-Montessori.jpg\",\"width\":1630,\"height\":1080},{\"@type\":\"BreadcrumbList\",\"@id\":\"https:\/\/paysali.com\/conception-du-jardin-denfants-de-la-creche\/#breadcrumb\",\"itemListElement\":[{\"@type\":\"ListItem\",\"position\":1,\"name\":\"Accueil\",\"item\":\"https:\/\/paysali.com\/\"},{\"@type\":\"ListItem\",\"position\":2,\"name\":\"Conception du jardin d&rsquo;enfants de la cr\u00e8che\"}]},{\"@type\":\"WebSite\",\"@id\":\"https:\/\/paysali.com\/#website\",\"url\":\"https:\/\/paysali.com\/\",\"name\":\"Paysali\",\"description\":\"Cr\u00e9ons ensemble votre havre de paix...\",\"publisher\":{\"@id\":\"https:\/\/paysali.com\/#organization\"},\"potentialAction\":[{\"@type\":\"SearchAction\",\"target\":{\"@type\":\"EntryPoint\",\"urlTemplate\":\"https:\/\/paysali.com\/?s={search_term_string}\"},\"query-input\":{\"@type\":\"PropertyValueSpecification\",\"valueRequired\":true,\"valueName\":\"search_term_string\"}}],\"inLanguage\":\"en-GB\"},{\"@type\":\"Organization\",\"@id\":\"https:\/\/paysali.com\/#organization\",\"name\":\"Paysali\",\"url\":\"https:\/\/paysali.com\/\",\"logo\":{\"@type\":\"ImageObject\",\"inLanguage\":\"en-GB\",\"@id\":\"https:\/\/paysali.com\/#\/schema\/logo\/image\/\",\"url\":\"https:\/\/paysali.com\/wp-content\/uploads\/2025\/10\/logo-Paysali.svg\",\"contentUrl\":\"https:\/\/paysali.com\/wp-content\/uploads\/2025\/10\/logo-Paysali.svg\",\"width\":1982,\"height\":828,\"caption\":\"Paysali\"},\"image\":{\"@id\":\"https:\/\/paysali.com\/#\/schema\/logo\/image\/\"}}]}<\/script>\n<!-- \/ Yoast SEO plugin. -->","yoast_head_json":{"title":"Conception du jardin d'enfants de la cr\u00e8che - Paysali","description":"Dans un projet professionnel, le respect du cahier des charges est essentiel. Ce fut le cas pour cet am\u00e9nagement de jardin d'une cr\u00e8che.","robots":{"index":"index","follow":"follow","max-snippet":"max-snippet:-1","max-image-preview":"max-image-preview:large","max-video-preview":"max-video-preview:-1"},"canonical":"https:\/\/paysali.com\/en\/conception-du-jardin-denfants-de-la-creche\/","og_locale":"en_GB","og_type":"article","og_title":"Conception du jardin d'enfants de la cr\u00e8che - Paysali","og_description":"Dans un projet professionnel, le respect du cahier des charges est essentiel. Ce fut le cas pour cet am\u00e9nagement de jardin d'une cr\u00e8che.","og_url":"https:\/\/paysali.com\/en\/conception-du-jardin-denfants-de-la-creche\/","og_site_name":"Paysali","article_modified_time":"2025-10-09T13:30:21+00:00","og_image":[{"width":1630,"height":1080,"url":"https:\/\/paysali.com\/wp-content\/uploads\/2025\/09\/amenagement-paysager_paysagiste_conception-jardin_artiste-paysagiste_creche-Montessori.jpg","type":"image\/jpeg"}],"twitter_card":"summary_large_image","twitter_misc":{"Estimated reading time":"1 minute"},"schema":{"@context":"https:\/\/schema.org","@graph":[{"@type":"WebPage","@id":"https:\/\/paysali.com\/conception-du-jardin-denfants-de-la-creche\/","url":"https:\/\/paysali.com\/conception-du-jardin-denfants-de-la-creche\/","name":"Conception du jardin d'enfants de la cr\u00e8che - Paysali","isPartOf":{"@id":"https:\/\/paysali.com\/#website"},"primaryImageOfPage":{"@id":"https:\/\/paysali.com\/conception-du-jardin-denfants-de-la-creche\/#primaryimage"},"image":{"@id":"https:\/\/paysali.com\/conception-du-jardin-denfants-de-la-creche\/#primaryimage"},"thumbnailUrl":"https:\/\/paysali.com\/wp-content\/uploads\/2025\/09\/amenagement-paysager_paysagiste_conception-jardin_artiste-paysagiste_creche-Montessori.jpg","datePublished":"2025-09-25T14:50:18+00:00","dateModified":"2025-10-09T13:30:21+00:00","description":"Dans un projet professionnel, le respect du cahier des charges est essentiel. Ce fut le cas pour cet am\u00e9nagement de jardin d'une cr\u00e8che.","breadcrumb":{"@id":"https:\/\/paysali.com\/conception-du-jardin-denfants-de-la-creche\/#breadcrumb"},"inLanguage":"en-GB","potentialAction":[{"@type":"ReadAction","target":["https:\/\/paysali.com\/conception-du-jardin-denfants-de-la-creche\/"]}]},{"@type":"ImageObject","inLanguage":"en-GB","@id":"https:\/\/paysali.com\/conception-du-jardin-denfants-de-la-creche\/#primaryimage","url":"https:\/\/paysali.com\/wp-content\/uploads\/2025\/09\/amenagement-paysager_paysagiste_conception-jardin_artiste-paysagiste_creche-Montessori.jpg","contentUrl":"https:\/\/paysali.com\/wp-content\/uploads\/2025\/09\/amenagement-paysager_paysagiste_conception-jardin_artiste-paysagiste_creche-Montessori.jpg","width":1630,"height":1080},{"@type":"BreadcrumbList","@id":"https:\/\/paysali.com\/conception-du-jardin-denfants-de-la-creche\/#breadcrumb","itemListElement":[{"@type":"ListItem","position":1,"name":"Accueil","item":"https:\/\/paysali.com\/"},{"@type":"ListItem","position":2,"name":"Conception du jardin d&rsquo;enfants de la cr\u00e8che"}]},{"@type":"WebSite","@id":"https:\/\/paysali.com\/#website","url":"https:\/\/paysali.com\/","name":"Paysali","description":"Cr\u00e9ons ensemble votre havre de paix...","publisher":{"@id":"https:\/\/paysali.com\/#organization"},"potentialAction":[{"@type":"SearchAction","target":{"@type":"EntryPoint","urlTemplate":"https:\/\/paysali.com\/?s={search_term_string}"},"query-input":{"@type":"PropertyValueSpecification","valueRequired":true,"valueName":"search_term_string"}}],"inLanguage":"en-GB"},{"@type":"Organization","@id":"https:\/\/paysali.com\/#organization","name":"Paysali","url":"https:\/\/paysali.com\/","logo":{"@type":"ImageObject","inLanguage":"en-GB","@id":"https:\/\/paysali.com\/#\/schema\/logo\/image\/","url":"https:\/\/paysali.com\/wp-content\/uploads\/2025\/10\/logo-Paysali.svg","contentUrl":"https:\/\/paysali.com\/wp-content\/uploads\/2025\/10\/logo-Paysali.svg","width":1982,"height":828,"caption":"Paysali"},"image":{"@id":"https:\/\/paysali.com\/#\/schema\/logo\/image\/"}}]}},"_links":{"self":[{"href":"https:\/\/paysali.com\/en\/wp-json\/wp\/v2\/pages\/705","targetHints":{"allow":["GET"]}}],"collection":[{"href":"https:\/\/paysali.com\/en\/wp-json\/wp\/v2\/pages"}],"about":[{"href":"https:\/\/paysali.com\/en\/wp-json\/wp\/v2\/types\/page"}],"author":[{"embeddable":true,"href":"https:\/\/paysali.com\/en\/wp-json\/wp\/v2\/users\/2"}],"replies":[{"embeddable":true,"href":"https:\/\/paysali.com\/en\/wp-json\/wp\/v2\/comments?post=705"}],"version-history":[{"count":14,"href":"https:\/\/paysali.com\/en\/wp-json\/wp\/v2\/pages\/705\/revisions"}],"predecessor-version":[{"id":1006,"href":"https:\/\/paysali.com\/en\/wp-json\/wp\/v2\/pages\/705\/revisions\/1006"}],"wp:featuredmedia":[{"embeddable":true,"href":"https:\/\/paysali.com\/en\/wp-json\/wp\/v2\/media\/713"}],"wp:attachment":[{"href":"https:\/\/paysali.com\/en\/wp-json\/wp\/v2\/media?parent=705"}],"curies":[{"name":"wp","href":"https:\/\/api.w.org\/{rel}","templated":true}]}}