{"id":620,"date":"2025-09-25T08:36:19","date_gmt":"2025-09-25T08:36:19","guid":{"rendered":"https:\/\/paysali.com\/?page_id=620"},"modified":"2025-10-09T13:53:28","modified_gmt":"2025-10-09T13:53:28","slug":"les-jardins-naturalistes","status":"publish","type":"page","link":"https:\/\/paysali.com\/de\/les-jardins-naturalistes\/","title":{"rendered":"Les jardins naturalistes"},"content":{"rendered":"<div data-elementor-type=\"wp-page\" data-elementor-id=\"620\" class=\"elementor elementor-620\" data-elementor-post-type=\"page\">\n\t\t\t\t\t\t<section class=\"elementor-section elementor-top-section elementor-element elementor-element-3803987 elementor-section-boxed elementor-section-height-default elementor-section-height-default\" data-id=\"3803987\" data-element_type=\"section\" data-e-type=\"section\" data-settings=\"{&quot;background_background&quot;:&quot;classic&quot;}\">\n\t\t\t\t\t\t<div class=\"elementor-container elementor-column-gap-default\">\n\t\t\t\t\t<div class=\"elementor-column elementor-col-100 elementor-top-column elementor-element elementor-element-487a386\" data-id=\"487a386\" data-element_type=\"column\" data-e-type=\"column\">\n\t\t\t<div class=\"elementor-widget-wrap elementor-element-populated\">\n\t\t\t\t\t\t<div class=\"elementor-element elementor-element-9601dd4 elementor-invisible elementor-widget elementor-widget-heading\" data-id=\"9601dd4\" data-element_type=\"widget\" data-e-type=\"widget\" data-settings=\"{&quot;_animation&quot;:&quot;zoomIn&quot;}\" data-widget_type=\"heading.default\">\n\t\t\t\t<div class=\"elementor-widget-container\">\n\t\t\t\t\t<h3 class=\"elementor-heading-title elementor-size-default\">In Harmonie mit der Natur <\/h3>\t\t\t\t<\/div>\n\t\t\t\t<\/div>\n\t\t\t\t<div class=\"elementor-element elementor-element-35c9df3 elementor-invisible elementor-widget elementor-widget-heading\" data-id=\"35c9df3\" data-element_type=\"widget\" data-e-type=\"widget\" data-settings=\"{&quot;_animation&quot;:&quot;zoomIn&quot;,&quot;_animation_delay&quot;:100}\" data-widget_type=\"heading.default\">\n\t\t\t\t<div class=\"elementor-widget-container\">\n\t\t\t\t\t<h2 class=\"elementor-heading-title elementor-size-default\">der trockenheitsangepasste Garten<br>am Ch\u00e2teau Bois d\u2019Arl\u00e8ne<\/h2>\t\t\t\t<\/div>\n\t\t\t\t<\/div>\n\t\t\t\t<div class=\"elementor-element elementor-element-e59049b animated-slow elementor-invisible elementor-widget elementor-widget-gallery\" data-id=\"e59049b\" data-element_type=\"widget\" data-e-type=\"widget\" data-settings=\"{&quot;columns&quot;:3,&quot;columns_tablet&quot;:3,&quot;columns_mobile&quot;:2,&quot;gap&quot;:{&quot;unit&quot;:&quot;px&quot;,&quot;size&quot;:30,&quot;sizes&quot;:[]},&quot;gap_tablet&quot;:{&quot;unit&quot;:&quot;px&quot;,&quot;size&quot;:30,&quot;sizes&quot;:[]},&quot;gap_mobile&quot;:{&quot;unit&quot;:&quot;px&quot;,&quot;size&quot;:20,&quot;sizes&quot;:[]},&quot;aspect_ratio&quot;:&quot;1:1&quot;,&quot;image_hover_animation&quot;:&quot;grow&quot;,&quot;_animation&quot;:&quot;fadeIn&quot;,&quot;lazyload&quot;:&quot;yes&quot;,&quot;gallery_layout&quot;:&quot;grid&quot;,&quot;link_to&quot;:&quot;file&quot;,&quot;overlay_background&quot;:&quot;yes&quot;,&quot;content_hover_animation&quot;:&quot;fade-in&quot;}\" data-widget_type=\"gallery.default\">\n\t\t\t\t<div class=\"elementor-widget-container\">\n\t\t\t\t\t\t\t<div class=\"elementor-gallery__container\">\n\t\t\t\t\t\t\t<a class=\"e-gallery-item elementor-gallery-item elementor-animated-content\" href=\"https:\/\/paysali.com\/wp-content\/uploads\/2025\/09\/jardin-sec-naturaliste_conception-Bettina-Martin_Artiste-paysagiste_Bois-d-Arlene.jpg\" data-elementor-open-lightbox=\"yes\" data-elementor-lightbox-slideshow=\"e59049b\" data-elementor-lightbox-title=\"jardin-sec-naturaliste_conception-Bettina-Martin_Artiste-paysagiste_Bois-d-Arlene\" data-e-action-hash=\"#elementor-action%3Aaction%3Dlightbox%26settings%3DeyJpZCI6NjI2LCJ1cmwiOiJodHRwczpcL1wvcGF5c2FsaS5jb21cL3dwLWNvbnRlbnRcL3VwbG9hZHNcLzIwMjVcLzA5XC9qYXJkaW4tc2VjLW5hdHVyYWxpc3RlX2NvbmNlcHRpb24tQmV0dGluYS1NYXJ0aW5fQXJ0aXN0ZS1wYXlzYWdpc3RlX0JvaXMtZC1BcmxlbmUuanBnIiwic2xpZGVzaG93IjoiZTU5MDQ5YiJ9\">\n\t\t\t\t\t<div class=\"e-gallery-image elementor-gallery-item__image\" data-thumbnail=\"https:\/\/paysali.com\/wp-content\/uploads\/elementor\/thumbs\/jardin-sec-naturaliste_conception-Bettina-Martin_Artiste-paysagiste_Bois-d-Arlene-rd6q06uiqwqicuosr3b7vaxs7jhsnuwz8co3r8lo28.jpg\" data-width=\"1000\" data-height=\"1000\" aria-label=\"\" role=\"img\" ><\/div>\n\t\t\t\t\t\t\t\t\t\t\t<div class=\"elementor-gallery-item__overlay\"><\/div>\n\t\t\t\t\t\t\t\t\t\t\t\t\t\t<\/a>\n\t\t\t\t\t\t\t<a class=\"e-gallery-item elementor-gallery-item elementor-animated-content\" href=\"https:\/\/paysali.com\/wp-content\/uploads\/2025\/09\/jardin-sec-naturaliste_oliviers_conception-Bettina-Martin_Artiste-paysagiste_Bois-d-Arlene.jpg\" data-elementor-open-lightbox=\"yes\" data-elementor-lightbox-slideshow=\"e59049b\" data-elementor-lightbox-title=\"jardin-sec-naturaliste_oliviers_conception-Bettina-Martin_Artiste-paysagiste_Bois-d-Arlene\" data-e-action-hash=\"#elementor-action%3Aaction%3Dlightbox%26settings%3DeyJpZCI6NjI3LCJ1cmwiOiJodHRwczpcL1wvcGF5c2FsaS5jb21cL3dwLWNvbnRlbnRcL3VwbG9hZHNcLzIwMjVcLzA5XC9qYXJkaW4tc2VjLW5hdHVyYWxpc3RlX29saXZpZXJzX2NvbmNlcHRpb24tQmV0dGluYS1NYXJ0aW5fQXJ0aXN0ZS1wYXlzYWdpc3RlX0JvaXMtZC1BcmxlbmUuanBnIiwic2xpZGVzaG93IjoiZTU5MDQ5YiJ9\">\n\t\t\t\t\t<div class=\"e-gallery-image elementor-gallery-item__image\" data-thumbnail=\"https:\/\/paysali.com\/wp-content\/uploads\/elementor\/thumbs\/jardin-sec-naturaliste_oliviers_conception-Bettina-Martin_Artiste-paysagiste_Bois-d-Arlene-rd6q09o1beudbokpamj3ks85zp3way868qmk72hhjk.jpg\" data-width=\"1000\" data-height=\"1000\" aria-label=\"\" role=\"img\" ><\/div>\n\t\t\t\t\t\t\t\t\t\t\t<div class=\"elementor-gallery-item__overlay\"><\/div>\n\t\t\t\t\t\t\t\t\t\t\t\t\t\t<\/a>\n\t\t\t\t\t\t\t<a class=\"e-gallery-item elementor-gallery-item elementor-animated-content\" href=\"https:\/\/paysali.com\/wp-content\/uploads\/2025\/09\/jardin-sec-naturaliste_plantes_conception-Bettina-Martin_Artiste-paysagiste_Bois-d-Arlene.jpg\" data-elementor-open-lightbox=\"yes\" data-elementor-lightbox-slideshow=\"e59049b\" data-elementor-lightbox-title=\"jardin-sec-naturaliste_plantes_conception-Bettina-Martin_Artiste-paysagiste_Bois-d-Arlene\" data-e-action-hash=\"#elementor-action%3Aaction%3Dlightbox%26settings%3DeyJpZCI6NjI4LCJ1cmwiOiJodHRwczpcL1wvcGF5c2FsaS5jb21cL3dwLWNvbnRlbnRcL3VwbG9hZHNcLzIwMjVcLzA5XC9qYXJkaW4tc2VjLW5hdHVyYWxpc3RlX3BsYW50ZXNfY29uY2VwdGlvbi1CZXR0aW5hLU1hcnRpbl9BcnRpc3RlLXBheXNhZ2lzdGVfQm9pcy1kLUFybGVuZS5qcGciLCJzbGlkZXNob3ciOiJlNTkwNDliIn0%3D\">\n\t\t\t\t\t<div class=\"e-gallery-image elementor-gallery-item__image\" data-thumbnail=\"https:\/\/paysali.com\/wp-content\/uploads\/elementor\/thumbs\/jardin-sec-naturaliste_plantes_conception-Bettina-Martin_Artiste-paysagiste_Bois-d-Arlene-rd6q09o1beudbokpamj3ks85zp3way868qmk72hhjk.jpg\" data-width=\"1000\" data-height=\"1000\" aria-label=\"\" role=\"img\" ><\/div>\n\t\t\t\t\t\t\t\t\t\t\t<div class=\"elementor-gallery-item__overlay\"><\/div>\n\t\t\t\t\t\t\t\t\t\t\t\t\t\t<\/a>\n\t\t\t\t\t\t\t<a class=\"e-gallery-item elementor-gallery-item elementor-animated-content\" href=\"https:\/\/paysali.com\/wp-content\/uploads\/2025\/09\/jardin-sec-naturaliste_platanes_conception-Bettina-Martin_Artiste-paysagiste_Bois-d-Arlene.jpg\" data-elementor-open-lightbox=\"yes\" data-elementor-lightbox-slideshow=\"e59049b\" data-elementor-lightbox-title=\"jardin-sec-naturaliste_platanes_conception-Bettina-Martin_Artiste-paysagiste_Bois-d-Arlene\" data-e-action-hash=\"#elementor-action%3Aaction%3Dlightbox%26settings%3DeyJpZCI6NjI5LCJ1cmwiOiJodHRwczpcL1wvcGF5c2FsaS5jb21cL3dwLWNvbnRlbnRcL3VwbG9hZHNcLzIwMjVcLzA5XC9qYXJkaW4tc2VjLW5hdHVyYWxpc3RlX3BsYXRhbmVzX2NvbmNlcHRpb24tQmV0dGluYS1NYXJ0aW5fQXJ0aXN0ZS1wYXlzYWdpc3RlX0JvaXMtZC1BcmxlbmUuanBnIiwic2xpZGVzaG93IjoiZTU5MDQ5YiJ9\">\n\t\t\t\t\t<div class=\"e-gallery-image elementor-gallery-item__image\" data-thumbnail=\"https:\/\/paysali.com\/wp-content\/uploads\/elementor\/thumbs\/jardin-sec-naturaliste_platanes_conception-Bettina-Martin_Artiste-paysagiste_Bois-d-Arlene-rd6q0alvi8vnnajc54xq59zml2z9inbwkva1ocg3dc.jpg\" data-width=\"1000\" data-height=\"1000\" aria-label=\"\" role=\"img\" ><\/div>\n\t\t\t\t\t\t\t\t\t\t\t<div class=\"elementor-gallery-item__overlay\"><\/div>\n\t\t\t\t\t\t\t\t\t\t\t\t\t\t<\/a>\n\t\t\t\t\t\t\t<a class=\"e-gallery-item elementor-gallery-item elementor-animated-content\" href=\"https:\/\/paysali.com\/wp-content\/uploads\/2025\/09\/jardin-sec-naturaliste_vegetation__conception-Bettina-Martin_Artiste-paysagiste_Bois-d-Arlene.jpg\" data-elementor-open-lightbox=\"yes\" data-elementor-lightbox-slideshow=\"e59049b\" data-elementor-lightbox-title=\"jardin-sec-naturaliste_vegetation__conception-Bettina-Martin_Artiste-paysagiste_Bois-d-Arlene\" data-e-action-hash=\"#elementor-action%3Aaction%3Dlightbox%26settings%3DeyJpZCI6NjMwLCJ1cmwiOiJodHRwczpcL1wvcGF5c2FsaS5jb21cL3dwLWNvbnRlbnRcL3VwbG9hZHNcLzIwMjVcLzA5XC9qYXJkaW4tc2VjLW5hdHVyYWxpc3RlX3ZlZ2V0YXRpb25fX2NvbmNlcHRpb24tQmV0dGluYS1NYXJ0aW5fQXJ0aXN0ZS1wYXlzYWdpc3RlX0JvaXMtZC1BcmxlbmUuanBnIiwic2xpZGVzaG93IjoiZTU5MDQ5YiJ9\">\n\t\t\t\t\t<div class=\"e-gallery-image elementor-gallery-item__image\" data-thumbnail=\"https:\/\/paysali.com\/wp-content\/uploads\/elementor\/thumbs\/jardin-sec-naturaliste_vegetation__conception-Bettina-Martin_Artiste-paysagiste_Bois-d-Arlene-rd6q06uiqwqicuosr3b7vaxs7jhsnuwz8co3r8lo28.jpg\" data-width=\"1000\" data-height=\"1000\" aria-label=\"\" role=\"img\" ><\/div>\n\t\t\t\t\t\t\t\t\t\t\t<div class=\"elementor-gallery-item__overlay\"><\/div>\n\t\t\t\t\t\t\t\t\t\t\t\t\t\t<\/a>\n\t\t\t\t\t\t\t<a class=\"e-gallery-item elementor-gallery-item elementor-animated-content\" href=\"https:\/\/paysali.com\/wp-content\/uploads\/2025\/09\/jardin-sec-naturaliste_plantes-du-sud_conception-Bettina-Martin_Artiste-paysagiste_Bois-d-Arlene.jpg\" data-elementor-open-lightbox=\"yes\" data-elementor-lightbox-slideshow=\"e59049b\" data-elementor-lightbox-title=\"jardin-sec-naturaliste_plantes-du-sud_conception-Bettina-Martin_Artiste-paysagiste_Bois-d-Arlene\" data-e-action-hash=\"#elementor-action%3Aaction%3Dlightbox%26settings%3DeyJpZCI6NjQ3LCJ1cmwiOiJodHRwczpcL1wvcGF5c2FsaS5jb21cL3dwLWNvbnRlbnRcL3VwbG9hZHNcLzIwMjVcLzA5XC9qYXJkaW4tc2VjLW5hdHVyYWxpc3RlX3BsYW50ZXMtZHUtc3VkX2NvbmNlcHRpb24tQmV0dGluYS1NYXJ0aW5fQXJ0aXN0ZS1wYXlzYWdpc3RlX0JvaXMtZC1BcmxlbmUuanBnIiwic2xpZGVzaG93IjoiZTU5MDQ5YiJ9\">\n\t\t\t\t\t<div class=\"e-gallery-image elementor-gallery-item__image\" data-thumbnail=\"https:\/\/paysali.com\/wp-content\/uploads\/elementor\/thumbs\/jardin-sec-naturaliste_plantes-du-sud_conception-Bettina-Martin_Artiste-paysagiste_Bois-d-Arlene-rd6q07scxqrsognfllpufsp8sxd5vk0pkhbl8ik9w0.jpg\" data-width=\"1000\" data-height=\"1000\" aria-label=\"\" role=\"img\" ><\/div>\n\t\t\t\t\t\t\t\t\t\t\t<div class=\"elementor-gallery-item__overlay\"><\/div>\n\t\t\t\t\t\t\t\t\t\t\t\t\t\t<\/a>\n\t\t\t\t\t<\/div>\n\t\t\t\t\t<\/div>\n\t\t\t\t<\/div>\n\t\t\t\t<div class=\"elementor-element elementor-element-9509fc2 elementor-widget elementor-widget-text-editor\" data-id=\"9509fc2\" data-element_type=\"widget\" data-e-type=\"widget\" data-widget_type=\"text-editor.default\">\n\t\t\t\t<div class=\"elementor-widget-container\">\n\t\t\t\t\t\t\t\t\t<p class=\"translation-block\">Ein <strong>trockenheitsangepasster Garten<\/strong> ist so gestaltet, dass er <strong>langfristig ohne zus\u00e4tzliche Bew\u00e4sserung auskommt<\/strong>.<br>Die wesentlichen Elemente sind dabei:<\/span><\/p><ul><li><span style=\"font-weight: 400;\">die sorgf\u00e4ltige Vorbereitung des Bodens,<\/span><\/li><li><span style=\"font-weight: 400;\">die Auswahl einer an Klima und Boden angepassten Pflanzenpalette,<\/span><\/li><li><span style=\"font-weight: 400;\">die Auswahl der Pflanzen hinsichtlich Herkunft, Qualit\u00e4t und Gr\u00f6\u00dfe,<\/span><\/li><li><span style=\"font-weight: 400;\">die Pflanztechnik sowie das Mulchen der Beete.<\/span><\/li><\/ul><p><span style=\"font-weight: 400;\">Zu Beginn ben\u00f6tigt jede Neuanlage Wasser, um die frisch gesetzten Pflanzen beim Anwachsen zu unterst\u00fctzen. Nach und nach wird das Bew\u00e4sserungssystem angepasst, sodass die Pflanzen schrittweise an die Trockenheit gew\u00f6hnt werden und langfristig ohne zus\u00e4tzliches Wasser gedeihen.<\/span><\/p><p>Die Wahl der richtigen Partner ist besonders wichtig. Heute empfehle ich oder arbeite direkt mit:<\/p><ul><li class=\"translation-block\">den lokalen Baumschulen und Produzenten mediterraner Pflanzen: <a href=\"https:\/\/lesjardinsdeceline.wixsite.com\/lesjardinsdeceline\" target=\"_blank\" rel=\"noopener\">Les jardins de C\u00e9line<\/a>,\u00a0<a href=\"https:\/\/fr.mappy.com\/poi\/5beb03030351d130e6563fe6\" target=\"_blank\" rel=\"noopener\">Eric Moulin<\/a>, et <a href=\"https:\/\/www.facebook.com\/p\/Laurent-Clop-Vgtaux-100063862162969\/?_rdr\" target=\"_blank\" rel=\"noopener\">Laurent Clop,<\/a><\/li><li class=\"translation-block\"><a href=\"https:\/\/www.jardin-sec.com\/\" target=\"_blank\" rel=\"noopener\">die Baumschule Filippi<\/a> , spezialisiert auf die Produktion von Pflanzen, die unter schwierigen Bedingungen gedeihen.<\/li><\/ul>\t\t\t\t\t\t\t\t<\/div>\n\t\t\t\t<\/div>\n\t\t\t\t\t<\/div>\n\t\t<\/div>\n\t\t\t\t\t<\/div>\n\t\t<\/section>\n\t\t\t\t<\/div>","protected":false},"excerpt":{"rendered":"<p>En harmonie avec la nature, Le jardin sec du Ch\u00e2teau Bois d&rsquo;Arl\u00e8ne Par d\u00e9finition, un jardin sec est con\u00e7u pour \u00eatre un jardin qui \u00e0 terme peut fonctionner sans arrosage.Les \u00e9l\u00e9ments majeurs sont la bonne pr\u00e9paration du sol, le choix de la palette v\u00e9g\u00e9tale adapt\u00e9e au climat et au sol, la s\u00e9lection des v\u00e9g\u00e9taux en [&hellip;]<\/p>\n","protected":false},"author":2,"featured_media":627,"parent":0,"menu_order":0,"comment_status":"closed","ping_status":"closed","template":"","meta":{"footnotes":""},"class_list":["post-620","page","type-page","status-publish","has-post-thumbnail","hentry"],"yoast_head":"<!-- This site is optimized with the Yoast SEO plugin v27.2 - https:\/\/yoast.com\/product\/yoast-seo-wordpress\/ -->\n<title>Les jardins naturalistes - Paysali<\/title>\n<meta name=\"description\" content=\"Jardin naturaliste , m\u00e9diterran\u00e9en, forc\u00e9ment. Lieux de vie, d\u2019accueil, de partage, de ressource cr\u00e9ons celui de vos r\u00eaves.\" \/>\n<meta name=\"robots\" content=\"index, follow, max-snippet:-1, max-image-preview:large, max-video-preview:-1\" \/>\n<link rel=\"canonical\" href=\"https:\/\/paysali.com\/de\/les-jardins-naturalistes\/\" \/>\n<meta property=\"og:locale\" content=\"de_DE\" \/>\n<meta property=\"og:type\" content=\"article\" \/>\n<meta property=\"og:title\" content=\"Les jardins naturalistes - Paysali\" \/>\n<meta property=\"og:description\" content=\"Jardin naturaliste , m\u00e9diterran\u00e9en, forc\u00e9ment. Lieux de vie, d\u2019accueil, de partage, de ressource cr\u00e9ons celui de vos r\u00eaves.\" \/>\n<meta property=\"og:url\" content=\"https:\/\/paysali.com\/de\/les-jardins-naturalistes\/\" \/>\n<meta property=\"og:site_name\" content=\"Paysali\" \/>\n<meta property=\"article:modified_time\" content=\"2025-10-09T13:53:28+00:00\" \/>\n<meta property=\"og:image\" content=\"https:\/\/paysali.com\/wp-content\/uploads\/2025\/09\/jardin-sec-naturaliste_oliviers_conception-Bettina-Martin_Artiste-paysagiste_Bois-d-Arlene.jpg\" \/>\n\t<meta property=\"og:image:width\" content=\"1631\" \/>\n\t<meta property=\"og:image:height\" content=\"1080\" \/>\n\t<meta property=\"og:image:type\" content=\"image\/jpeg\" \/>\n<meta name=\"twitter:card\" content=\"summary_large_image\" \/>\n<meta name=\"twitter:label1\" content=\"Gesch\u00e4tzte Lesezeit\" \/>\n\t<meta name=\"twitter:data1\" content=\"1\u00a0Minute\" \/>\n<script type=\"application\/ld+json\" class=\"yoast-schema-graph\">{\"@context\":\"https:\/\/schema.org\",\"@graph\":[{\"@type\":\"WebPage\",\"@id\":\"https:\/\/paysali.com\/les-jardins-naturalistes\/\",\"url\":\"https:\/\/paysali.com\/les-jardins-naturalistes\/\",\"name\":\"Les jardins naturalistes - Paysali\",\"isPartOf\":{\"@id\":\"https:\/\/paysali.com\/#website\"},\"primaryImageOfPage\":{\"@id\":\"https:\/\/paysali.com\/les-jardins-naturalistes\/#primaryimage\"},\"image\":{\"@id\":\"https:\/\/paysali.com\/les-jardins-naturalistes\/#primaryimage\"},\"thumbnailUrl\":\"https:\/\/paysali.com\/wp-content\/uploads\/2025\/09\/jardin-sec-naturaliste_oliviers_conception-Bettina-Martin_Artiste-paysagiste_Bois-d-Arlene.jpg\",\"datePublished\":\"2025-09-25T08:36:19+00:00\",\"dateModified\":\"2025-10-09T13:53:28+00:00\",\"description\":\"Jardin naturaliste , m\u00e9diterran\u00e9en, forc\u00e9ment. Lieux de vie, d\u2019accueil, de partage, de ressource cr\u00e9ons celui de vos r\u00eaves.\",\"breadcrumb\":{\"@id\":\"https:\/\/paysali.com\/les-jardins-naturalistes\/#breadcrumb\"},\"inLanguage\":\"de\",\"potentialAction\":[{\"@type\":\"ReadAction\",\"target\":[\"https:\/\/paysali.com\/les-jardins-naturalistes\/\"]}]},{\"@type\":\"ImageObject\",\"inLanguage\":\"de\",\"@id\":\"https:\/\/paysali.com\/les-jardins-naturalistes\/#primaryimage\",\"url\":\"https:\/\/paysali.com\/wp-content\/uploads\/2025\/09\/jardin-sec-naturaliste_oliviers_conception-Bettina-Martin_Artiste-paysagiste_Bois-d-Arlene.jpg\",\"contentUrl\":\"https:\/\/paysali.com\/wp-content\/uploads\/2025\/09\/jardin-sec-naturaliste_oliviers_conception-Bettina-Martin_Artiste-paysagiste_Bois-d-Arlene.jpg\",\"width\":1631,\"height\":1080},{\"@type\":\"BreadcrumbList\",\"@id\":\"https:\/\/paysali.com\/les-jardins-naturalistes\/#breadcrumb\",\"itemListElement\":[{\"@type\":\"ListItem\",\"position\":1,\"name\":\"Accueil\",\"item\":\"https:\/\/paysali.com\/\"},{\"@type\":\"ListItem\",\"position\":2,\"name\":\"Les jardins naturalistes\"}]},{\"@type\":\"WebSite\",\"@id\":\"https:\/\/paysali.com\/#website\",\"url\":\"https:\/\/paysali.com\/\",\"name\":\"Paysali\",\"description\":\"Cr\u00e9ons ensemble votre havre de paix...\",\"publisher\":{\"@id\":\"https:\/\/paysali.com\/#organization\"},\"potentialAction\":[{\"@type\":\"SearchAction\",\"target\":{\"@type\":\"EntryPoint\",\"urlTemplate\":\"https:\/\/paysali.com\/?s={search_term_string}\"},\"query-input\":{\"@type\":\"PropertyValueSpecification\",\"valueRequired\":true,\"valueName\":\"search_term_string\"}}],\"inLanguage\":\"de\"},{\"@type\":\"Organization\",\"@id\":\"https:\/\/paysali.com\/#organization\",\"name\":\"Paysali\",\"url\":\"https:\/\/paysali.com\/\",\"logo\":{\"@type\":\"ImageObject\",\"inLanguage\":\"de\",\"@id\":\"https:\/\/paysali.com\/#\/schema\/logo\/image\/\",\"url\":\"https:\/\/paysali.com\/wp-content\/uploads\/2025\/10\/logo-Paysali.svg\",\"contentUrl\":\"https:\/\/paysali.com\/wp-content\/uploads\/2025\/10\/logo-Paysali.svg\",\"width\":1982,\"height\":828,\"caption\":\"Paysali\"},\"image\":{\"@id\":\"https:\/\/paysali.com\/#\/schema\/logo\/image\/\"}}]}<\/script>\n<!-- \/ Yoast SEO plugin. -->","yoast_head_json":{"title":"Les jardins naturalistes - Paysali","description":"Jardin naturaliste , m\u00e9diterran\u00e9en, forc\u00e9ment. Lieux de vie, d\u2019accueil, de partage, de ressource cr\u00e9ons celui de vos r\u00eaves.","robots":{"index":"index","follow":"follow","max-snippet":"max-snippet:-1","max-image-preview":"max-image-preview:large","max-video-preview":"max-video-preview:-1"},"canonical":"https:\/\/paysali.com\/de\/les-jardins-naturalistes\/","og_locale":"de_DE","og_type":"article","og_title":"Les jardins naturalistes - Paysali","og_description":"Jardin naturaliste , m\u00e9diterran\u00e9en, forc\u00e9ment. Lieux de vie, d\u2019accueil, de partage, de ressource cr\u00e9ons celui de vos r\u00eaves.","og_url":"https:\/\/paysali.com\/de\/les-jardins-naturalistes\/","og_site_name":"Paysali","article_modified_time":"2025-10-09T13:53:28+00:00","og_image":[{"width":1631,"height":1080,"url":"https:\/\/paysali.com\/wp-content\/uploads\/2025\/09\/jardin-sec-naturaliste_oliviers_conception-Bettina-Martin_Artiste-paysagiste_Bois-d-Arlene.jpg","type":"image\/jpeg"}],"twitter_card":"summary_large_image","twitter_misc":{"Gesch\u00e4tzte Lesezeit":"1\u00a0Minute"},"schema":{"@context":"https:\/\/schema.org","@graph":[{"@type":"WebPage","@id":"https:\/\/paysali.com\/les-jardins-naturalistes\/","url":"https:\/\/paysali.com\/les-jardins-naturalistes\/","name":"Les jardins naturalistes - Paysali","isPartOf":{"@id":"https:\/\/paysali.com\/#website"},"primaryImageOfPage":{"@id":"https:\/\/paysali.com\/les-jardins-naturalistes\/#primaryimage"},"image":{"@id":"https:\/\/paysali.com\/les-jardins-naturalistes\/#primaryimage"},"thumbnailUrl":"https:\/\/paysali.com\/wp-content\/uploads\/2025\/09\/jardin-sec-naturaliste_oliviers_conception-Bettina-Martin_Artiste-paysagiste_Bois-d-Arlene.jpg","datePublished":"2025-09-25T08:36:19+00:00","dateModified":"2025-10-09T13:53:28+00:00","description":"Jardin naturaliste , m\u00e9diterran\u00e9en, forc\u00e9ment. Lieux de vie, d\u2019accueil, de partage, de ressource cr\u00e9ons celui de vos r\u00eaves.","breadcrumb":{"@id":"https:\/\/paysali.com\/les-jardins-naturalistes\/#breadcrumb"},"inLanguage":"de","potentialAction":[{"@type":"ReadAction","target":["https:\/\/paysali.com\/les-jardins-naturalistes\/"]}]},{"@type":"ImageObject","inLanguage":"de","@id":"https:\/\/paysali.com\/les-jardins-naturalistes\/#primaryimage","url":"https:\/\/paysali.com\/wp-content\/uploads\/2025\/09\/jardin-sec-naturaliste_oliviers_conception-Bettina-Martin_Artiste-paysagiste_Bois-d-Arlene.jpg","contentUrl":"https:\/\/paysali.com\/wp-content\/uploads\/2025\/09\/jardin-sec-naturaliste_oliviers_conception-Bettina-Martin_Artiste-paysagiste_Bois-d-Arlene.jpg","width":1631,"height":1080},{"@type":"BreadcrumbList","@id":"https:\/\/paysali.com\/les-jardins-naturalistes\/#breadcrumb","itemListElement":[{"@type":"ListItem","position":1,"name":"Accueil","item":"https:\/\/paysali.com\/"},{"@type":"ListItem","position":2,"name":"Les jardins naturalistes"}]},{"@type":"WebSite","@id":"https:\/\/paysali.com\/#website","url":"https:\/\/paysali.com\/","name":"Paysali","description":"Cr\u00e9ons ensemble votre havre de paix...","publisher":{"@id":"https:\/\/paysali.com\/#organization"},"potentialAction":[{"@type":"SearchAction","target":{"@type":"EntryPoint","urlTemplate":"https:\/\/paysali.com\/?s={search_term_string}"},"query-input":{"@type":"PropertyValueSpecification","valueRequired":true,"valueName":"search_term_string"}}],"inLanguage":"de"},{"@type":"Organization","@id":"https:\/\/paysali.com\/#organization","name":"Paysali","url":"https:\/\/paysali.com\/","logo":{"@type":"ImageObject","inLanguage":"de","@id":"https:\/\/paysali.com\/#\/schema\/logo\/image\/","url":"https:\/\/paysali.com\/wp-content\/uploads\/2025\/10\/logo-Paysali.svg","contentUrl":"https:\/\/paysali.com\/wp-content\/uploads\/2025\/10\/logo-Paysali.svg","width":1982,"height":828,"caption":"Paysali"},"image":{"@id":"https:\/\/paysali.com\/#\/schema\/logo\/image\/"}}]}},"_links":{"self":[{"href":"https:\/\/paysali.com\/de\/wp-json\/wp\/v2\/pages\/620","targetHints":{"allow":["GET"]}}],"collection":[{"href":"https:\/\/paysali.com\/de\/wp-json\/wp\/v2\/pages"}],"about":[{"href":"https:\/\/paysali.com\/de\/wp-json\/wp\/v2\/types\/page"}],"author":[{"embeddable":true,"href":"https:\/\/paysali.com\/de\/wp-json\/wp\/v2\/users\/2"}],"replies":[{"embeddable":true,"href":"https:\/\/paysali.com\/de\/wp-json\/wp\/v2\/comments?post=620"}],"version-history":[{"count":32,"href":"https:\/\/paysali.com\/de\/wp-json\/wp\/v2\/pages\/620\/revisions"}],"predecessor-version":[{"id":1108,"href":"https:\/\/paysali.com\/de\/wp-json\/wp\/v2\/pages\/620\/revisions\/1108"}],"wp:featuredmedia":[{"embeddable":true,"href":"https:\/\/paysali.com\/de\/wp-json\/wp\/v2\/media\/627"}],"wp:attachment":[{"href":"https:\/\/paysali.com\/de\/wp-json\/wp\/v2\/media?parent=620"}],"curies":[{"name":"wp","href":"https:\/\/api.w.org\/{rel}","templated":true}]}}