{"id":22,"date":"2025-01-30T15:45:56","date_gmt":"2025-01-30T15:45:56","guid":{"rendered":"https:\/\/paysali.com\/?page_id=22"},"modified":"2025-10-09T14:16:10","modified_gmt":"2025-10-09T14:16:10","slug":"mentions-legales","status":"publish","type":"page","link":"https:\/\/paysali.com\/de\/mentions-legales\/","title":{"rendered":"Impressum"},"content":{"rendered":"<h2 class=\"wp-block-heading\"><strong>Ce site est \u00e9dit\u00e9 par&nbsp;:<\/strong><\/h2>\n\n\n\n<p>BETTINA MARTIN GARDEN DESIGN EURL (Entreprise unipersonnelle \u00e0 responsabilit\u00e9 limit\u00e9e) dont le si\u00e8ge social est sis 173, Route de la Tranch\u00e9e \u2013 84 870 Loriol du Comtat.<\/p>\n\n\n\n<p>EURL au capital de 5 000 \u20ac<br>SIRET : 848 362 208 000 11<br>N\u00b0 de TVA intracommunautaire: FR 54848362208<br>Code APE&nbsp;: 7111Z<br>Adresse de courrier \u00e9lectronique&nbsp;:&nbsp;<a href=\"mailto:silvasudenvironnement@silvasud.fr\">bettina@paysali.com<\/a><\/p>\n\n\n\n<p><strong>Ce site est h\u00e9berg\u00e9 par&nbsp;:<\/strong><\/p>\n\n\n\n<p>OVH Groupe SA<br>2 rue Kellermann \u2013 59100 Roubaix \u2013 France.<br>RCS Lille M\u00e9tropole 424 761 419 00045<br>Code APE 2620Z<\/p>\n\n\n\n<p><strong>Site cr\u00e9\u00e9<\/strong> par SV Communication <a href=\"https:\/\/www.sandra-vich.fr\">www.sandra-vich.fr<\/a><\/p>\n\n\n\n<p><strong>Cr\u00e9dits photos :<\/strong><\/p>\n\n\n\n<p>Paysali Garden Design \u2013 Bettina Martin<br>Aurore Soumille, photographe \u2013&nbsp;<a href=\"http:\/\/www.auroresoumille.com\/\" target=\"_blank\" rel=\"noreferrer noopener\">www.auroresoumille.com<\/a><br>Domaine de Pi\u00e9blanc \u2013 Matthieu Ponson<br>Kathryn Verduci-Mougammadou, photographe \u2013&nbsp;<a href=\"http:\/\/www.sagescommedesimages.com\/\" target=\"_blank\" rel=\"noreferrer noopener\">www.sagescommedesimages.com&nbsp;<\/a><br>Jonathan Loussinian, photographe \u2013&nbsp;<a href=\"http:\/\/www.seekam.fr\/\" target=\"_blank\" rel=\"noreferrer noopener\">www.seekam.fr<\/a><\/p>\n\n\n\n<p><strong>Conditions g\u00e9n\u00e9rales d\u2019utilisation<\/strong><\/p>\n\n\n\n<p><strong>Art. 1 Conditions d\u2019utilisation<\/strong><\/p>\n\n\n\n<p>Toute personne qui acc\u00e8de au site&nbsp;<a rel=\"noreferrer noopener\" href=\"http:\/\/www.silvasud-environnement.fr\/\" target=\"_blank\">www.paysali.com<\/a>&nbsp;(ci-apr\u00e8s le \u00ab&nbsp;Site&nbsp;\u00bb) s\u2019engage \u00e0 respecter les pr\u00e9sentes conditions g\u00e9n\u00e9rales d\u2019utilisation, qui pourront pour certains services \u00eatre compl\u00e9t\u00e9es par des conditions particuli\u00e8res.<\/p>\n\n\n\n<p>BETTINA MARTIN GARDEN DESIGN se r\u00e9serve le droit de modifier et de mettre \u00e0 jour \u00e0 tout moment l\u2019acc\u00e8s au Site ainsi que les pr\u00e9sentes conditions d\u2019utilisation. Ces modifications et mises \u00e0 jour s\u2019imposent \u00e0 l\u2019utilisateur qui doit en cons\u00e9quence se r\u00e9f\u00e9rer r\u00e9guli\u00e8rement \u00e0 cette rubrique pour v\u00e9rifier les Conditions G\u00e9n\u00e9rales en vigueur.<\/p>\n\n\n\n<p><strong>Art. 2 Donn\u00e9es personnelles et autres donn\u00e9es<\/strong><\/p>\n\n\n\n<p>2.1 Les donn\u00e9es sont exclusivement destin\u00e9es \u00e0 BETTINA MARTIN GARDEN DESIGN, \u00e0 ses filiales ou aux membres de son r\u00e9seau commercial \u00e0 des fins d\u2019enqu\u00eates, d\u2019analyses, de communications institutionnelles, d\u2019op\u00e9rations relatives \u00e0 la gestion clients ou, si vous en \u00eates d\u2019accord, de propositions commerciales. Ces informations sont confidentielles et conserv\u00e9es par BETTINA MARTIN GARDEN DESIGN, ses filiales et les membres de son r\u00e9seau commercial. Conform\u00e9ment \u00e0 la loi \u00ab Informatique et Libert\u00e9s \u00bb du 06\/01\/78, vous disposez d\u2019un droit d\u2019acc\u00e8s, de rectification et de suppression de ces donn\u00e9es ainsi que d\u2019un droit de vous opposer \u00e0 ce que ces donn\u00e9es fassent l\u2019objet d\u2019un traitement en nous contactant par courrier \u00e0 l\u2019adresse suivante : 173 Route de la Tranch\u00e9e \u2013 84870 Loriol du Comtat ou par e-mail \u00e0 l\u2019adresse&nbsp;<a href=\"mailto:silvasudenvironnement@silvasud.fr\">bettina@paysali.com<\/a>.<\/p>\n\n\n\n<p>Vos demandes devront \u00eatre sign\u00e9es et accompagn\u00e9es de la photocopie d\u2019un titre d\u2019identit\u00e9 portant la signature du titulaire. La demande devra pr\u00e9ciser l\u2019adresse \u00e0 laquelle devra parvenir la r\u00e9ponse.<\/p>\n\n\n\n<p>Dans l\u2019hypoth\u00e8se o\u00f9 vous avez accept\u00e9 dans nos formulaires de recevoir par email des informations et sollicitations commerciales \u00e9manant de notre soci\u00e9t\u00e9 et de son r\u00e9seau de magasins \u00e0 l\u2019enseigne de BETTINA MARTIN GARDEN DESIGN, vous aurez \u00e0 tout moment la facult\u00e9 de revenir sur cette d\u00e9cision en envoyant un mail avec pour objet \u00ab&nbsp;d\u00e9sabonnement&nbsp;\u00bb \u00e0 l\u2019adresse suivante&nbsp;:&nbsp;<a href=\"mailto:silvasudenvironnement@silvasud.fr\">bettina@paysali.com<\/a>.<\/p>\n\n\n\n<p>2.2 Conform\u00e9ment \u00e0 l\u2019article 6 de la Loi du 21 juin 2004 pour la confiance en l\u2019\u00e9conomie num\u00e9rique, l\u2019h\u00e9bergeur conservera vos donn\u00e9es de connexion, couvertes par le secret professionnel et trait\u00e9es dans le respect des dispositions l\u00e9gales en mati\u00e8re de donn\u00e9es personnelles.<\/p>\n\n\n\n<p><strong>Art. 3 Liens hypertextes<\/strong><\/p>\n\n\n\n<p>Si vous souhaitez mettre en place un lien hypertexte vers notre Site, vous devez en cons\u00e9quence prendre contact avec le Responsable du Site. BETTINA MARTIN GARDEN DESIGN ne peut en aucun cas \u00eatre tenue pour responsable du contenu des sites qui font l\u2019objet d\u2019un lien hypertexte \u00e0 partir du pr\u00e9sent Site.<\/p>\n\n\n\n<p><strong>Art. 4 Cookies<\/strong><\/p>\n\n\n\n<p>Lors de la navigation sur le Site, des cookies sont implant\u00e9s dans votre ordinateur. Un cookie ne nous permet pas de vous identifier : en revanche, il enregistre des informations relatives \u00e0 la navigation de votre ordinateur sur notre Site (les pages que vous avez consult\u00e9es, la date et l\u2019heure de la consultation, etc.) que nous pourrons lire lors de vos visites ult\u00e9rieures. La dur\u00e9e de conservation de ces informations dans votre ordinateur est de six mois.<\/p>\n\n\n\n<p>De plus, le site utilise Google Analytics, un service d\u2019analyse de site Internet fourni par Google Inc. (ci-apr\u00e8s \u00ab&nbsp;Google&nbsp;\u00bb). Google Analytics utilise des&nbsp;cookies pour aider BETTINA MARTIN GARDEN DESIGN et l\u2019h\u00e9bergeur \u00e0 analyser l\u2019utilisation du Site par ses utilisateurs. Les donn\u00e9es g\u00e9n\u00e9r\u00e9es par les&nbsp;cookies concernant votre utilisation du Site (y compris votre adresse IP) seront transmises et stock\u00e9es par Google sur des serveurs situ\u00e9s aux Etats-Unis. Google utilisera cette information dans le but d\u2019\u00e9valuer votre utilisation du Site, de compiler des rapports sur l\u2019activit\u00e9 du Site \u00e0 destination de BETTINA MARTIN GARDEN DESIGN et de l\u2019h\u00e9bergeur et de fournir d\u2019autres services relatifs \u00e0 l\u2019activit\u00e9 du site et \u00e0 l\u2019utilisation d\u2019Internet. Google est susceptible de communiquer ces donn\u00e9es \u00e0 des tiers en cas d\u2019obligation l\u00e9gale ou lorsque ces tiers traitent ces donn\u00e9es pour le compte de Google, y compris notamment BETTINA MARTIN GARDEN DESIGN, l\u2019\u00e9diteur du&nbsp; Site et \u00e0 l\u2019h\u00e9bergeur. Google ne recoupera pas votre adresse IP avec toute autre donn\u00e9e d\u00e9tenue par Google. En utilisant le Site, vous consentez express\u00e9ment au traitement de vos donn\u00e9es nominatives par Google dans les conditions et pour les finalit\u00e9s d\u00e9crites ci-dessus.<\/p>\n\n\n\n<p>Nous vous informons que vous pouvez vous opposer \u00e0 l\u2019enregistrement de cookies en configurant votre navigateur de la mani\u00e8re suivante :<\/p>\n\n\n\n<p><strong>Pour Microsoft Internet Explorer 7.0 et suivant:<\/strong><\/p>\n\n\n\n<ol start=\"1\" class=\"wp-block-list\">\n<li>Dans la barre de menu, choisir le menu&nbsp;<strong>outils<\/strong>;<\/li>\n\n\n\n<li>Dans le menu d\u00e9roulant, choisir&nbsp;<strong>options internet<\/strong>;<\/li>\n\n\n\n<li>Cliquer sur l\u2019onglet&nbsp;<strong>confidentialit\u00e9<\/strong>;<\/li>\n\n\n\n<li>Cliquer sur le bouton&nbsp;<strong>avanc\u00e9<\/strong>&nbsp;de la section param\u00e8tres;<\/li>\n\n\n\n<li>Dans la fen\u00eatre&nbsp;<em>param\u00e8tres de confidentialit\u00e9 avanc\u00e9s<\/em>&nbsp;v\u00e9rifier que l\u2019option&nbsp;<strong>ignorer la gestion automatique des cookies<\/strong>&nbsp;n\u2019est pas coch\u00e9e.<\/li>\n<\/ol>\n\n\n\n<p><strong>Pour Firefox \u00e0 partir de la version 12 :<\/strong><\/p>\n\n\n\n<ol start=\"1\" class=\"wp-block-list\">\n<li>Dans la barre de menu, choisir le menu&nbsp;<strong>outils;<\/strong><\/li>\n\n\n\n<li>Dans le menu d\u00e9roulant, choisir&nbsp;<strong>options;<\/strong><\/li>\n\n\n\n<li>Cliquer sur l\u2019icone&nbsp;<strong>vie priv\u00e9e;<\/strong><\/li>\n\n\n\n<li>Cliquer sur le lien&nbsp;<strong>supprimer des cookies sp\u00e9cifiques<\/strong>;<\/li>\n\n\n\n<li>Dans la fen\u00eatre&nbsp;<strong>Cookies<\/strong>, cliquer sur le bouton&nbsp;<strong>Supprimer tous les cookies<\/strong>.<\/li>\n<\/ol>\n\n\n\n<p><strong>Pour Op\u00e9ra \u00e0 partir de la version 11&nbsp;:<\/strong><\/p>\n\n\n\n<ol start=\"1\" class=\"wp-block-list\">\n<li>Choisissez le&nbsp;<strong>menu<\/strong>;<\/li>\n\n\n\n<li>Dans la liste, choisir&nbsp;<strong>r\u00e9glages<\/strong>&nbsp;puis&nbsp;<strong>supprimer les informations priv\u00e9es\u2026<\/strong>;<\/li>\n\n\n\n<li>Cliquer sur le bouton&nbsp;<strong>supprimer<\/strong>.<\/li>\n<\/ol>\n\n\n\n<p><strong>Pour Google Chrome&nbsp;:<\/strong><\/p>\n\n\n\n<ol start=\"1\" class=\"wp-block-list\">\n<li>Cliquer sur l\u2019icone&nbsp;<strong>Personnaliser et configurer Google Chrome<\/strong>;<\/li>\n\n\n\n<li>Choisir dans la liste&nbsp;<strong>Param\u00e8tres;<\/strong><\/li>\n\n\n\n<li>Cliquer sur&nbsp;<strong>Afficher les param\u00e8tres avanc\u00e9s\u2026;<\/strong><\/li>\n\n\n\n<li>Cliquer sur le bouton&nbsp;<strong>Param\u00e8tres de contenu;<\/strong><\/li>\n\n\n\n<li>Cliquer sur le bouton&nbsp;<strong>Cookies et donn\u00e9es de site\u2026<\/strong>;<\/li>\n\n\n\n<li>Cliquer sur le bouton&nbsp;<strong>Tout supprimer.<\/strong><\/li>\n<\/ol>\n\n\n\n<p>Nous vous informons n\u00e9anmoins que l\u2019acc\u00e8s \u00e0 certains services et rubriques du Site pourra \u00eatre alt\u00e9r\u00e9 voire impossible du fait de la suppression des cookies.<\/p>\n\n\n\n<p><strong>Art. 5 Contenu du Site<\/strong><\/p>\n\n\n\n<p>BETTINA MARTIN GARDEN DESIGN, l\u2019h\u00e9bergeur et, plus g\u00e9n\u00e9ralement, toute soci\u00e9t\u00e9 contribuant \u00e0 la conception, \u00e0 la r\u00e9alisation et \u00e0 la mise en ligne de ce Site s\u2019efforcent d\u2019assurer l\u2019exactitude et la mise \u00e0 jour r\u00e9guli\u00e8re des informations diffus\u00e9es sur ce Site. BETTINA MARTIN GARDEN DESIGN et les prestataires pr\u00e9cit\u00e9s se r\u00e9servent le droit de corriger et modifier \u00e0 tout moment le contenu du Site sans que leur responsabilit\u00e9 puisse \u00eatre engag\u00e9e de ce fait, BETTINA MARTIN GARDEN DESIGN pouvant apporter \u00e0 tout moment des am\u00e9liorations et\/ou changements au(x) produit(s) et\/ou service(s) d\u00e9crits sur ce Site.<\/p>\n\n\n\n<p>Les prix ou tarifs mentionn\u00e9s dans nos pages sont des \u00ab&nbsp;prix maximum conseill\u00e9s&nbsp;\u00bb \u00e0 la date de la derni\u00e8re mise \u00e0 jour du Site. Ces prix peuvent conna\u00eetre des variations selon les d\u00e9taillants. Par ailleurs, ces prix maximum conseill\u00e9s sont susceptibles d\u2019\u00e9voluer p\u00e9riodiquement ou \u00e0 l\u2019occasion de l\u2019\u00e9volution des collections de BETTINA MARTIN GARDEN DESIGN.<\/p>\n\n\n\n<p><strong>Art. 6 Contenu manifestement illicite<\/strong><\/p>\n\n\n\n<p>Conform\u00e9ment \u00e0 la loi du 21 juin 2004 pour la confiance dans l\u2019\u00e9conomie, vous pouvez alerter l\u2019h\u00e9bergeur de la pr\u00e9sence d\u2019un contenu que vous consid\u00e9rez comme illicite en remplissant le&nbsp;<a href=\"https:\/\/cdnnen.proxi.tools\/assets\/Core\/pdf\/formulaire-de-denonciation.pdf\" target=\"_blank\" rel=\"noreferrer noopener\">formulaire t\u00e9l\u00e9chargeable<\/a>&nbsp;(cliquez&nbsp;sur le lien). L\u2019h\u00e9bergeur appr\u00e9ciera le caract\u00e8re illicite des contenus portes \u00e0 sa connaissance.<\/p>\n\n\n\n<p>Le fait, pour toute personne, de pr\u00e9senter un contenu ou une activit\u00e9 comme \u00e9tant illicite dans le but d\u2019en obtenir le retrait ou d\u2019en faire cesser la diffusion, alors qu\u2019elle sait cette information inexacte, est puni d\u2019un an d\u2019emprisonnement et de 15.000 euros d\u2019amende.<\/p>\n\n\n\n<p><strong>Art. 7 Droit applicable<\/strong><\/p>\n\n\n\n<p>Les pr\u00e9sentes Conditions G\u00e9n\u00e9rales d\u2019utilisation sont soumises au droit interne fran\u00e7ais.<\/p>","protected":false},"excerpt":{"rendered":"<p>Ce site est \u00e9dit\u00e9 par&nbsp;: BETTINA MARTIN GARDEN DESIGN EURL (Entreprise unipersonnelle \u00e0 responsabilit\u00e9 limit\u00e9e) dont le si\u00e8ge social est sis 173, Route de la Tranch\u00e9e \u2013 84 870 Loriol du Comtat. EURL au capital de 5 000 \u20acSIRET : 848 362 208 000 11N\u00b0 de TVA intracommunautaire: FR 54848362208Code APE&nbsp;: 7111ZAdresse de courrier \u00e9lectronique&nbsp;:&nbsp;bettina@paysali.com [&hellip;]<\/p>\n","protected":false},"author":1,"featured_media":592,"parent":0,"menu_order":0,"comment_status":"closed","ping_status":"closed","template":"","meta":{"footnotes":""},"class_list":["post-22","page","type-page","status-publish","has-post-thumbnail","hentry"],"yoast_head":"<!-- This site is optimized with the Yoast SEO plugin v27.2 - https:\/\/yoast.com\/product\/yoast-seo-wordpress\/ -->\n<title>Mentions l\u00e9gales - Paysali<\/title>\n<meta name=\"description\" content=\"BETTINA MARTIN GARDEN DESIGN EURL est l&#039;entreprise de Bettina MARTIN, artiste paysagiste. Respecter les r\u00e8gles fait partie de qui je suis.\" \/>\n<meta name=\"robots\" content=\"index, follow, max-snippet:-1, max-image-preview:large, max-video-preview:-1\" \/>\n<link rel=\"canonical\" href=\"https:\/\/paysali.com\/de\/mentions-legales\/\" \/>\n<meta property=\"og:locale\" content=\"de_DE\" \/>\n<meta property=\"og:type\" content=\"article\" \/>\n<meta property=\"og:title\" content=\"Mentions l\u00e9gales - Paysali\" \/>\n<meta property=\"og:description\" content=\"BETTINA MARTIN GARDEN DESIGN EURL est l&#039;entreprise de Bettina MARTIN, artiste paysagiste. Respecter les r\u00e8gles fait partie de qui je suis.\" \/>\n<meta property=\"og:url\" content=\"https:\/\/paysali.com\/de\/mentions-legales\/\" \/>\n<meta property=\"og:site_name\" content=\"Paysali\" \/>\n<meta property=\"article:modified_time\" content=\"2025-10-09T14:16:10+00:00\" \/>\n<meta property=\"og:image\" content=\"https:\/\/paysali.com\/wp-content\/uploads\/2025\/09\/Jardin-naturaliste_aquarelle_projection_Bettina-martion_Artiste-paysagiste.jpg\" \/>\n\t<meta property=\"og:image:width\" content=\"1806\" \/>\n\t<meta property=\"og:image:height\" content=\"1280\" \/>\n\t<meta property=\"og:image:type\" content=\"image\/jpeg\" \/>\n<meta name=\"twitter:card\" content=\"summary_large_image\" \/>\n<meta name=\"twitter:label1\" content=\"Gesch\u00e4tzte Lesezeit\" \/>\n\t<meta name=\"twitter:data1\" content=\"7\u00a0Minuten\" \/>\n<script type=\"application\/ld+json\" class=\"yoast-schema-graph\">{\"@context\":\"https:\/\/schema.org\",\"@graph\":[{\"@type\":\"WebPage\",\"@id\":\"https:\/\/paysali.com\/mentions-legales\/\",\"url\":\"https:\/\/paysali.com\/mentions-legales\/\",\"name\":\"Mentions l\u00e9gales - Paysali\",\"isPartOf\":{\"@id\":\"https:\/\/paysali.com\/#website\"},\"primaryImageOfPage\":{\"@id\":\"https:\/\/paysali.com\/mentions-legales\/#primaryimage\"},\"image\":{\"@id\":\"https:\/\/paysali.com\/mentions-legales\/#primaryimage\"},\"thumbnailUrl\":\"https:\/\/paysali.com\/wp-content\/uploads\/2025\/09\/Jardin-naturaliste_aquarelle_projection_Bettina-martion_Artiste-paysagiste.jpg\",\"datePublished\":\"2025-01-30T15:45:56+00:00\",\"dateModified\":\"2025-10-09T14:16:10+00:00\",\"description\":\"BETTINA MARTIN GARDEN DESIGN EURL est l'entreprise de Bettina MARTIN, artiste paysagiste. Respecter les r\u00e8gles fait partie de qui je suis.\",\"breadcrumb\":{\"@id\":\"https:\/\/paysali.com\/mentions-legales\/#breadcrumb\"},\"inLanguage\":\"de\",\"potentialAction\":[{\"@type\":\"ReadAction\",\"target\":[\"https:\/\/paysali.com\/mentions-legales\/\"]}]},{\"@type\":\"ImageObject\",\"inLanguage\":\"de\",\"@id\":\"https:\/\/paysali.com\/mentions-legales\/#primaryimage\",\"url\":\"https:\/\/paysali.com\/wp-content\/uploads\/2025\/09\/Jardin-naturaliste_aquarelle_projection_Bettina-martion_Artiste-paysagiste.jpg\",\"contentUrl\":\"https:\/\/paysali.com\/wp-content\/uploads\/2025\/09\/Jardin-naturaliste_aquarelle_projection_Bettina-martion_Artiste-paysagiste.jpg\",\"width\":1806,\"height\":1280},{\"@type\":\"BreadcrumbList\",\"@id\":\"https:\/\/paysali.com\/mentions-legales\/#breadcrumb\",\"itemListElement\":[{\"@type\":\"ListItem\",\"position\":1,\"name\":\"Accueil\",\"item\":\"https:\/\/paysali.com\/\"},{\"@type\":\"ListItem\",\"position\":2,\"name\":\"Mentions l\u00e9gales\"}]},{\"@type\":\"WebSite\",\"@id\":\"https:\/\/paysali.com\/#website\",\"url\":\"https:\/\/paysali.com\/\",\"name\":\"Paysali\",\"description\":\"Cr\u00e9ons ensemble votre havre de paix...\",\"publisher\":{\"@id\":\"https:\/\/paysali.com\/#organization\"},\"potentialAction\":[{\"@type\":\"SearchAction\",\"target\":{\"@type\":\"EntryPoint\",\"urlTemplate\":\"https:\/\/paysali.com\/?s={search_term_string}\"},\"query-input\":{\"@type\":\"PropertyValueSpecification\",\"valueRequired\":true,\"valueName\":\"search_term_string\"}}],\"inLanguage\":\"de\"},{\"@type\":\"Organization\",\"@id\":\"https:\/\/paysali.com\/#organization\",\"name\":\"Paysali\",\"url\":\"https:\/\/paysali.com\/\",\"logo\":{\"@type\":\"ImageObject\",\"inLanguage\":\"de\",\"@id\":\"https:\/\/paysali.com\/#\/schema\/logo\/image\/\",\"url\":\"https:\/\/paysali.com\/wp-content\/uploads\/2025\/10\/logo-Paysali.svg\",\"contentUrl\":\"https:\/\/paysali.com\/wp-content\/uploads\/2025\/10\/logo-Paysali.svg\",\"width\":1982,\"height\":828,\"caption\":\"Paysali\"},\"image\":{\"@id\":\"https:\/\/paysali.com\/#\/schema\/logo\/image\/\"}}]}<\/script>\n<!-- \/ Yoast SEO plugin. -->","yoast_head_json":{"title":"Mentions l\u00e9gales - Paysali","description":"BETTINA MARTIN GARDEN DESIGN EURL est l'entreprise de Bettina MARTIN, artiste paysagiste. Respecter les r\u00e8gles fait partie de qui je suis.","robots":{"index":"index","follow":"follow","max-snippet":"max-snippet:-1","max-image-preview":"max-image-preview:large","max-video-preview":"max-video-preview:-1"},"canonical":"https:\/\/paysali.com\/de\/mentions-legales\/","og_locale":"de_DE","og_type":"article","og_title":"Mentions l\u00e9gales - Paysali","og_description":"BETTINA MARTIN GARDEN DESIGN EURL est l'entreprise de Bettina MARTIN, artiste paysagiste. Respecter les r\u00e8gles fait partie de qui je suis.","og_url":"https:\/\/paysali.com\/de\/mentions-legales\/","og_site_name":"Paysali","article_modified_time":"2025-10-09T14:16:10+00:00","og_image":[{"width":1806,"height":1280,"url":"https:\/\/paysali.com\/wp-content\/uploads\/2025\/09\/Jardin-naturaliste_aquarelle_projection_Bettina-martion_Artiste-paysagiste.jpg","type":"image\/jpeg"}],"twitter_card":"summary_large_image","twitter_misc":{"Gesch\u00e4tzte Lesezeit":"7\u00a0Minuten"},"schema":{"@context":"https:\/\/schema.org","@graph":[{"@type":"WebPage","@id":"https:\/\/paysali.com\/mentions-legales\/","url":"https:\/\/paysali.com\/mentions-legales\/","name":"Mentions l\u00e9gales - Paysali","isPartOf":{"@id":"https:\/\/paysali.com\/#website"},"primaryImageOfPage":{"@id":"https:\/\/paysali.com\/mentions-legales\/#primaryimage"},"image":{"@id":"https:\/\/paysali.com\/mentions-legales\/#primaryimage"},"thumbnailUrl":"https:\/\/paysali.com\/wp-content\/uploads\/2025\/09\/Jardin-naturaliste_aquarelle_projection_Bettina-martion_Artiste-paysagiste.jpg","datePublished":"2025-01-30T15:45:56+00:00","dateModified":"2025-10-09T14:16:10+00:00","description":"BETTINA MARTIN GARDEN DESIGN EURL est l'entreprise de Bettina MARTIN, artiste paysagiste. Respecter les r\u00e8gles fait partie de qui je suis.","breadcrumb":{"@id":"https:\/\/paysali.com\/mentions-legales\/#breadcrumb"},"inLanguage":"de","potentialAction":[{"@type":"ReadAction","target":["https:\/\/paysali.com\/mentions-legales\/"]}]},{"@type":"ImageObject","inLanguage":"de","@id":"https:\/\/paysali.com\/mentions-legales\/#primaryimage","url":"https:\/\/paysali.com\/wp-content\/uploads\/2025\/09\/Jardin-naturaliste_aquarelle_projection_Bettina-martion_Artiste-paysagiste.jpg","contentUrl":"https:\/\/paysali.com\/wp-content\/uploads\/2025\/09\/Jardin-naturaliste_aquarelle_projection_Bettina-martion_Artiste-paysagiste.jpg","width":1806,"height":1280},{"@type":"BreadcrumbList","@id":"https:\/\/paysali.com\/mentions-legales\/#breadcrumb","itemListElement":[{"@type":"ListItem","position":1,"name":"Accueil","item":"https:\/\/paysali.com\/"},{"@type":"ListItem","position":2,"name":"Mentions l\u00e9gales"}]},{"@type":"WebSite","@id":"https:\/\/paysali.com\/#website","url":"https:\/\/paysali.com\/","name":"Paysali","description":"Cr\u00e9ons ensemble votre havre de paix...","publisher":{"@id":"https:\/\/paysali.com\/#organization"},"potentialAction":[{"@type":"SearchAction","target":{"@type":"EntryPoint","urlTemplate":"https:\/\/paysali.com\/?s={search_term_string}"},"query-input":{"@type":"PropertyValueSpecification","valueRequired":true,"valueName":"search_term_string"}}],"inLanguage":"de"},{"@type":"Organization","@id":"https:\/\/paysali.com\/#organization","name":"Paysali","url":"https:\/\/paysali.com\/","logo":{"@type":"ImageObject","inLanguage":"de","@id":"https:\/\/paysali.com\/#\/schema\/logo\/image\/","url":"https:\/\/paysali.com\/wp-content\/uploads\/2025\/10\/logo-Paysali.svg","contentUrl":"https:\/\/paysali.com\/wp-content\/uploads\/2025\/10\/logo-Paysali.svg","width":1982,"height":828,"caption":"Paysali"},"image":{"@id":"https:\/\/paysali.com\/#\/schema\/logo\/image\/"}}]}},"_links":{"self":[{"href":"https:\/\/paysali.com\/de\/wp-json\/wp\/v2\/pages\/22","targetHints":{"allow":["GET"]}}],"collection":[{"href":"https:\/\/paysali.com\/de\/wp-json\/wp\/v2\/pages"}],"about":[{"href":"https:\/\/paysali.com\/de\/wp-json\/wp\/v2\/types\/page"}],"author":[{"embeddable":true,"href":"https:\/\/paysali.com\/de\/wp-json\/wp\/v2\/users\/1"}],"replies":[{"embeddable":true,"href":"https:\/\/paysali.com\/de\/wp-json\/wp\/v2\/comments?post=22"}],"version-history":[{"count":3,"href":"https:\/\/paysali.com\/de\/wp-json\/wp\/v2\/pages\/22\/revisions"}],"predecessor-version":[{"id":1114,"href":"https:\/\/paysali.com\/de\/wp-json\/wp\/v2\/pages\/22\/revisions\/1114"}],"wp:featuredmedia":[{"embeddable":true,"href":"https:\/\/paysali.com\/de\/wp-json\/wp\/v2\/media\/592"}],"wp:attachment":[{"href":"https:\/\/paysali.com\/de\/wp-json\/wp\/v2\/media?parent=22"}],"curies":[{"name":"wp","href":"https:\/\/api.w.org\/{rel}","templated":true}]}}